{"id":11780,"date":"2024-11-01T10:14:14","date_gmt":"2024-11-01T14:14:14","guid":{"rendered":"https:\/\/www.stylla-web.tech\/nos-emplois-en-teletravail\/"},"modified":"2025-08-07T16:28:17","modified_gmt":"2025-08-07T20:28:17","slug":"jobs","status":"publish","type":"page","link":"https:\/\/stylla-web.com\/en\/jobs\/","title":{"rendered":"Jobs"},"content":{"rendered":"\t\t<div data-elementor-type=\"wp-page\" data-elementor-id=\"11780\" class=\"elementor elementor-11780 elementor-2217\" data-elementor-post-type=\"page\">\n\t\t\t\t\t\t<section class=\"elementor-section elementor-top-section elementor-element elementor-element-9f6b26c elementor-section-boxed elementor-section-height-default elementor-section-height-default\" data-id=\"9f6b26c\" data-element_type=\"section\" data-e-type=\"section\">\n\t\t\t\t\t\t<div class=\"elementor-container elementor-column-gap-no\">\n\t\t\t\t\t<div class=\"elementor-column elementor-col-100 elementor-top-column elementor-element elementor-element-3d6c2bd\" data-id=\"3d6c2bd\" data-element_type=\"column\" data-e-type=\"column\">\n\t\t\t<div class=\"elementor-widget-wrap elementor-element-populated\">\n\t\t\t\t\t\t<div class=\"elementor-element elementor-element-dd35c2f elementor-widget__width-inherit elementor-widget-mobile__width-inherit elementor-widget elementor-widget-heading\" data-id=\"dd35c2f\" data-element_type=\"widget\" data-e-type=\"widget\" data-widget_type=\"heading.default\">\n\t\t\t\t<div class=\"elementor-widget-container\">\n\t\t\t\t\t<h1 class=\"elementor-heading-title elementor-size-default\">Our teleworking jobs<\/h1>\t\t\t\t<\/div>\n\t\t\t\t<\/div>\n\t\t\t\t<div class=\"elementor-element elementor-element-b7c6c4a elementor-widget elementor-widget-heading\" data-id=\"b7c6c4a\" data-element_type=\"widget\" data-e-type=\"widget\" data-widget_type=\"heading.default\">\n\t\t\t\t<div class=\"elementor-widget-container\">\n\t\t\t\t\t<div class=\"elementor-heading-title elementor-size-default\">Are you looking for stimulating projects and aren't you afraid of taking on challenges? We're looking for talented individuals. Check out our openings below and come join our team!<\/div>\t\t\t\t<\/div>\n\t\t\t\t<\/div>\n\t\t\t\t\t<\/div>\n\t\t<\/div>\n\t\t\t\t\t<\/div>\n\t\t<\/section>\n\t\t<div class=\"elementor-element elementor-element-a1ec4c7 e-flex e-con-boxed e-con e-parent\" data-id=\"a1ec4c7\" data-element_type=\"container\" data-e-type=\"container\">\n\t\t\t\t\t<div class=\"e-con-inner\">\n\t\t\t\t<div class=\"elementor-element elementor-element-25088d9 uael-post__link-complete-yes uael-equal__height-yes elementor-widget elementor-widget-uael-posts\" data-id=\"25088d9\" data-element_type=\"widget\" data-e-type=\"widget\" data-settings=\"{&quot;classic_slides_to_show&quot;:3,&quot;classic_slides_to_show_tablet&quot;:2,&quot;classic_slides_to_show_mobile&quot;:1}\" data-widget_type=\"uael-posts.classic\">\n\t\t\t\t<div class=\"elementor-widget-container\">\n\t\t\t\t\t\t\t<div class=\"uael-post__header\">\n\t\t\t\t\t<\/div>\n\t\t<div class=\"uael-post__body\">\n\t\t\t\n\t\t\n\t\t<div class=\"uael-blog-terms-position-media uael-post-image-top uael-post-grid uael-posts\" data-query-type=\"custom\" data-structure=\"normal\" data-layout=\"\" data-page=\"11780\" data-skin=\"classic\" data-filter-default=\"\" data-offset-top=\"30\" >\n\n\t\t\t\t\t\t\t<div class=\"uael-post-grid__inner uael-post__columns-3 uael-post__columns-tablet-2 uael-post__columns-mobile-1\">\n\t\t\t\n<div class=\"uael-post-wrapper   jobs \">\n\t<div class=\"uael-post__bg-wrap uael-bg-wrap-disabled \">\n\n\t\t\t\t\t<a href=\"https:\/\/stylla-web.com\/en\/jobs\/sale-representative\/\" target=\"_self\" class=\"uael-post__complete-box-overlay\" aria-label=\"Link Complete Box\"><\/a>\n\t\t\t\t\n\t\t<div class=\"uael-post__inner-wrap uael-inner-wrap-disabled\">\n\n\t\t\t\t<div class=\"uael-post__thumbnail\">\n\t\t\t\n\t\t\t<a href=\"https:\/\/stylla-web.com\/en\/jobs\/sale-representative\/\" target=\"_self\" title=\"Sale Representative\"><img fetchpriority=\"high\" decoding=\"async\" width=\"1800\" height=\"1201\" src=\"https:\/\/stylla-web.com\/wp-content\/uploads\/2024\/11\/representant.jpg\" class=\"attachment-full size-full wp-image-2405\" alt=\"Repr\u00e9sentant de vente Montr\u00e9al\" srcset=\"https:\/\/stylla-web.com\/wp-content\/uploads\/2024\/11\/representant.jpg 1800w, https:\/\/stylla-web.com\/wp-content\/uploads\/2024\/11\/representant-300x200.jpg 300w, https:\/\/stylla-web.com\/wp-content\/uploads\/2024\/11\/representant-1024x683.jpg 1024w, https:\/\/stylla-web.com\/wp-content\/uploads\/2024\/11\/representant-768x512.jpg 768w, https:\/\/stylla-web.com\/wp-content\/uploads\/2024\/11\/representant-1536x1025.jpg 1536w\" sizes=\"(max-width: 1800px) 100vw, 1800px\" \/><\/a>\n\t\t\t<span class=\"uael-post__terms\"><span class=\"uael-listing__terms-link\">Jobs<\/span><\/span>\t\t<\/div>\n\t\t\n\t\t\t\n\t\t\t<div class=\"uael-post__content-wrap uael-content-wrap-disabled\">\n\t\t\t\t\t<h4 class=\"uael-post__title\">\n\n\t\t\n\t\t\t\t\t\t<a href=\"https:\/\/stylla-web.com\/en\/jobs\/sale-representative\/\" target=\"_self\">\n\t\t\t\tSale Representative\t\t\t<\/a>\n\n\t\t\t\t<\/h4>\n\t\t\t\t\t<\/div>\n\t\t\t\n\t\t<\/div>\n\t\t\n\t<\/div>\n\n<\/div>\n\n<div class=\"uael-post-wrapper   jobs \">\n\t<div class=\"uael-post__bg-wrap uael-bg-wrap-disabled \">\n\n\t\t\t\t\t<a href=\"https:\/\/stylla-web.com\/en\/jobs\/marketing-agent\/\" target=\"_self\" class=\"uael-post__complete-box-overlay\" aria-label=\"Link Complete Box\"><\/a>\n\t\t\t\t\n\t\t<div class=\"uael-post__inner-wrap uael-inner-wrap-disabled\">\n\n\t\t\t\t<div class=\"uael-post__thumbnail\">\n\t\t\t\n\t\t\t<a href=\"https:\/\/stylla-web.com\/en\/jobs\/marketing-agent\/\" target=\"_self\" title=\"Marketing Agent\"><img decoding=\"async\" width=\"1800\" height=\"1200\" src=\"https:\/\/stylla-web.com\/wp-content\/uploads\/2024\/11\/marketing.jpg\" class=\"attachment-full size-full wp-image-2248\" alt=\"Agent marketing Montr\u00e9al\" srcset=\"https:\/\/stylla-web.com\/wp-content\/uploads\/2024\/11\/marketing.jpg 1800w, https:\/\/stylla-web.com\/wp-content\/uploads\/2024\/11\/marketing-300x200.jpg 300w, https:\/\/stylla-web.com\/wp-content\/uploads\/2024\/11\/marketing-1024x683.jpg 1024w, https:\/\/stylla-web.com\/wp-content\/uploads\/2024\/11\/marketing-768x512.jpg 768w, https:\/\/stylla-web.com\/wp-content\/uploads\/2024\/11\/marketing-1536x1024.jpg 1536w\" sizes=\"(max-width: 1800px) 100vw, 1800px\" \/><\/a>\n\t\t\t<span class=\"uael-post__terms\"><span class=\"uael-listing__terms-link\">Jobs<\/span><\/span>\t\t<\/div>\n\t\t\n\t\t\t\n\t\t\t<div class=\"uael-post__content-wrap uael-content-wrap-disabled\">\n\t\t\t\t\t<h4 class=\"uael-post__title\">\n\n\t\t\n\t\t\t\t\t\t<a href=\"https:\/\/stylla-web.com\/en\/jobs\/marketing-agent\/\" target=\"_self\">\n\t\t\t\tMarketing Agent\t\t\t<\/a>\n\n\t\t\t\t<\/h4>\n\t\t\t\t\t<\/div>\n\t\t\t\n\t\t<\/div>\n\t\t\n\t<\/div>\n\n<\/div>\n\t\t\t\t<\/div>\n\t\t\t\t\t\t\n\t\t<\/div>\n\n\t\t\t\t\t\t<\/div>\n\t\t<div class=\"uael-post__footer\">\n\t\t\t\t\t<\/div>\n\t\t\t\t\t\t<\/div>\n\t\t\t\t<\/div>\n\t\t\t\t\t<\/div>\n\t\t\t\t<\/div>\n\t\t\t\t<\/div>\n\t\t","protected":false},"excerpt":{"rendered":"<p>Our teleworking jobs Are you looking for stimulating projects and aren&#8217;t you afraid of taking on challenges? We&#8217;re looking for talented individuals. Check out our openings below and come join our team! Emploi t\u00e9l\u00e9travail Repr\u00e9sentant(e) de vente Emploi t\u00e9l\u00e9travail Agent(e) marketing<\/p>\n","protected":false},"author":1,"featured_media":2405,"parent":0,"menu_order":0,"comment_status":"closed","ping_status":"closed","template":"","meta":{"_acf_changed":false,"site-sidebar-layout":"no-sidebar","site-content-layout":"page-builder","ast-site-content-layout":"full-width-container","site-content-style":"unboxed","site-sidebar-style":"unboxed","ast-global-header-display":"","ast-banner-title-visibility":"","ast-main-header-display":"","ast-hfb-above-header-display":"","ast-hfb-below-header-display":"","ast-hfb-mobile-header-display":"","site-post-title":"disabled","ast-breadcrumbs-content":"disabled","ast-featured-img":"disabled","footer-sml-layout":"","ast-disable-related-posts":"","theme-transparent-header-meta":"disabled","adv-header-id-meta":"","stick-header-meta":"default","header-above-stick-meta":"","header-main-stick-meta":"","header-below-stick-meta":"","astra-migrate-meta-layouts":"set","ast-page-background-enabled":"default","ast-page-background-meta":{"desktop":{"background-color":"","background-image":"","background-repeat":"repeat","background-position":"center center","background-size":"auto","background-attachment":"scroll","background-type":"","background-media":"","overlay-type":"","overlay-color":"","overlay-opacity":"","overlay-gradient":""},"tablet":{"background-color":"","background-image":"","background-repeat":"repeat","background-position":"center center","background-size":"auto","background-attachment":"scroll","background-type":"","background-media":"","overlay-type":"","overlay-color":"","overlay-opacity":"","overlay-gradient":""},"mobile":{"background-color":"","background-image":"","background-repeat":"repeat","background-position":"center center","background-size":"auto","background-attachment":"scroll","background-type":"","background-media":"","overlay-type":"","overlay-color":"","overlay-opacity":"","overlay-gradient":""}},"ast-content-background-meta":{"desktop":{"background-color":"var(--ast-global-color-5)","background-image":"","background-repeat":"repeat","background-position":"center center","background-size":"auto","background-attachment":"scroll","background-type":"","background-media":"","overlay-type":"","overlay-color":"","overlay-opacity":"","overlay-gradient":""},"tablet":{"background-color":"var(--ast-global-color-5)","background-image":"","background-repeat":"repeat","background-position":"center center","background-size":"auto","background-attachment":"scroll","background-type":"","background-media":"","overlay-type":"","overlay-color":"","overlay-opacity":"","overlay-gradient":""},"mobile":{"background-color":"var(--ast-global-color-5)","background-image":"","background-repeat":"repeat","background-position":"center center","background-size":"auto","background-attachment":"scroll","background-type":"","background-media":"","overlay-type":"","overlay-color":"","overlay-opacity":"","overlay-gradient":""}},"footnotes":""},"class_list":["post-11780","page","type-page","status-publish","has-post-thumbnail","hentry"],"acf":[],"yoast_head":"<!-- This site is optimized with the Yoast SEO plugin v27.3 - https:\/\/yoast.com\/product\/yoast-seo-wordpress\/ -->\n<title>Jobs | Stylla-Web<\/title>\n<meta name=\"description\" content=\"Are you looking for exciting projects and not afraid to take on challenges? We are currently seeking talented individuals to fill our job openings.\" \/>\n<meta name=\"robots\" content=\"index, follow, max-snippet:-1, max-image-preview:large, max-video-preview:-1\" \/>\n<link rel=\"canonical\" href=\"https:\/\/stylla-web.com\/en\/jobs\/\" \/>\n<meta property=\"og:locale\" content=\"en_US\" \/>\n<meta property=\"og:type\" content=\"article\" \/>\n<meta property=\"og:title\" content=\"Jobs | Stylla-Web\" \/>\n<meta property=\"og:description\" content=\"Are you looking for exciting projects and not afraid to take on challenges? We are currently seeking talented individuals to fill our job openings.\" \/>\n<meta property=\"og:url\" content=\"https:\/\/stylla-web.com\/en\/jobs\/\" \/>\n<meta property=\"og:site_name\" content=\"Stylla-Web\" \/>\n<meta property=\"article:publisher\" content=\"https:\/\/www.facebook.com\/StyllaWeb\" \/>\n<meta property=\"article:modified_time\" content=\"2025-08-07T20:28:17+00:00\" \/>\n<meta property=\"og:image\" content=\"https:\/\/stylla-web.com\/wp-content\/uploads\/2024\/11\/representant.jpg\" \/>\n\t<meta property=\"og:image:width\" content=\"1800\" \/>\n\t<meta property=\"og:image:height\" content=\"1201\" \/>\n\t<meta property=\"og:image:type\" content=\"image\/jpeg\" \/>\n<meta name=\"twitter:card\" content=\"summary_large_image\" \/>\n<meta name=\"twitter:label1\" content=\"Est. reading time\" \/>\n\t<meta name=\"twitter:data1\" content=\"1 minute\" \/>\n<script type=\"application\/ld+json\" class=\"yoast-schema-graph\">{\"@context\":\"https:\\\/\\\/schema.org\",\"@graph\":[{\"@type\":\"WebPage\",\"@id\":\"https:\\\/\\\/stylla-web.com\\\/en\\\/jobs\\\/\",\"url\":\"https:\\\/\\\/stylla-web.com\\\/en\\\/jobs\\\/\",\"name\":\"Jobs | Stylla-Web\",\"isPartOf\":{\"@id\":\"https:\\\/\\\/stylla-web.com\\\/en\\\/#website\"},\"primaryImageOfPage\":{\"@id\":\"https:\\\/\\\/stylla-web.com\\\/en\\\/jobs\\\/#primaryimage\"},\"image\":{\"@id\":\"https:\\\/\\\/stylla-web.com\\\/en\\\/jobs\\\/#primaryimage\"},\"thumbnailUrl\":\"https:\\\/\\\/stylla-web.com\\\/wp-content\\\/uploads\\\/2024\\\/11\\\/representant.jpg\",\"datePublished\":\"2024-11-01T14:14:14+00:00\",\"dateModified\":\"2025-08-07T20:28:17+00:00\",\"description\":\"Are you looking for exciting projects and not afraid to take on challenges? We are currently seeking talented individuals to fill our job openings.\",\"breadcrumb\":{\"@id\":\"https:\\\/\\\/stylla-web.com\\\/en\\\/jobs\\\/#breadcrumb\"},\"inLanguage\":\"en-US\",\"potentialAction\":[{\"@type\":\"ReadAction\",\"target\":[\"https:\\\/\\\/stylla-web.com\\\/en\\\/jobs\\\/\"]}]},{\"@type\":\"ImageObject\",\"inLanguage\":\"en-US\",\"@id\":\"https:\\\/\\\/stylla-web.com\\\/en\\\/jobs\\\/#primaryimage\",\"url\":\"https:\\\/\\\/stylla-web.com\\\/wp-content\\\/uploads\\\/2024\\\/11\\\/representant.jpg\",\"contentUrl\":\"https:\\\/\\\/stylla-web.com\\\/wp-content\\\/uploads\\\/2024\\\/11\\\/representant.jpg\",\"width\":1800,\"height\":1201,\"caption\":\"Repr\u00e9sentant de vente Montr\u00e9al\"},{\"@type\":\"BreadcrumbList\",\"@id\":\"https:\\\/\\\/stylla-web.com\\\/en\\\/jobs\\\/#breadcrumb\",\"itemListElement\":[{\"@type\":\"ListItem\",\"position\":1,\"name\":\"Home\",\"item\":\"https:\\\/\\\/stylla-web.com\\\/en\\\/\"},{\"@type\":\"ListItem\",\"position\":2,\"name\":\"Jobs\"}]},{\"@type\":\"WebSite\",\"@id\":\"https:\\\/\\\/stylla-web.com\\\/en\\\/#website\",\"url\":\"https:\\\/\\\/stylla-web.com\\\/en\\\/\",\"name\":\"Stylla-Web\",\"description\":\"\",\"publisher\":{\"@id\":\"https:\\\/\\\/stylla-web.com\\\/en\\\/#organization\"},\"potentialAction\":[{\"@type\":\"SearchAction\",\"target\":{\"@type\":\"EntryPoint\",\"urlTemplate\":\"https:\\\/\\\/stylla-web.com\\\/en\\\/?s={search_term_string}\"},\"query-input\":{\"@type\":\"PropertyValueSpecification\",\"valueRequired\":true,\"valueName\":\"search_term_string\"}}],\"inLanguage\":\"en-US\"},{\"@type\":\"Organization\",\"@id\":\"https:\\\/\\\/stylla-web.com\\\/en\\\/#organization\",\"name\":\"Stylla-Web\",\"url\":\"https:\\\/\\\/stylla-web.com\\\/en\\\/\",\"logo\":{\"@type\":\"ImageObject\",\"inLanguage\":\"en-US\",\"@id\":\"https:\\\/\\\/stylla-web.com\\\/en\\\/#\\\/schema\\\/logo\\\/image\\\/\",\"url\":\"https:\\\/\\\/stylla-web.com\\\/wp-content\\\/uploads\\\/2024\\\/10\\\/logo-Stylla-web.png\",\"contentUrl\":\"https:\\\/\\\/stylla-web.com\\\/wp-content\\\/uploads\\\/2024\\\/10\\\/logo-Stylla-web.png\",\"width\":500,\"height\":484,\"caption\":\"Stylla-Web\"},\"image\":{\"@id\":\"https:\\\/\\\/stylla-web.com\\\/en\\\/#\\\/schema\\\/logo\\\/image\\\/\"},\"sameAs\":[\"https:\\\/\\\/www.facebook.com\\\/StyllaWeb\"]}]}<\/script>\n<!-- \/ Yoast SEO plugin. -->","yoast_head_json":{"title":"Jobs | Stylla-Web","description":"Are you looking for exciting projects and not afraid to take on challenges? We are currently seeking talented individuals to fill our job openings.","robots":{"index":"index","follow":"follow","max-snippet":"max-snippet:-1","max-image-preview":"max-image-preview:large","max-video-preview":"max-video-preview:-1"},"canonical":"https:\/\/stylla-web.com\/en\/jobs\/","og_locale":"en_US","og_type":"article","og_title":"Jobs | Stylla-Web","og_description":"Are you looking for exciting projects and not afraid to take on challenges? We are currently seeking talented individuals to fill our job openings.","og_url":"https:\/\/stylla-web.com\/en\/jobs\/","og_site_name":"Stylla-Web","article_publisher":"https:\/\/www.facebook.com\/StyllaWeb","article_modified_time":"2025-08-07T20:28:17+00:00","og_image":[{"width":1800,"height":1201,"url":"https:\/\/stylla-web.com\/wp-content\/uploads\/2024\/11\/representant.jpg","type":"image\/jpeg"}],"twitter_card":"summary_large_image","twitter_misc":{"Est. reading time":"1 minute"},"schema":{"@context":"https:\/\/schema.org","@graph":[{"@type":"WebPage","@id":"https:\/\/stylla-web.com\/en\/jobs\/","url":"https:\/\/stylla-web.com\/en\/jobs\/","name":"Jobs | Stylla-Web","isPartOf":{"@id":"https:\/\/stylla-web.com\/en\/#website"},"primaryImageOfPage":{"@id":"https:\/\/stylla-web.com\/en\/jobs\/#primaryimage"},"image":{"@id":"https:\/\/stylla-web.com\/en\/jobs\/#primaryimage"},"thumbnailUrl":"https:\/\/stylla-web.com\/wp-content\/uploads\/2024\/11\/representant.jpg","datePublished":"2024-11-01T14:14:14+00:00","dateModified":"2025-08-07T20:28:17+00:00","description":"Are you looking for exciting projects and not afraid to take on challenges? We are currently seeking talented individuals to fill our job openings.","breadcrumb":{"@id":"https:\/\/stylla-web.com\/en\/jobs\/#breadcrumb"},"inLanguage":"en-US","potentialAction":[{"@type":"ReadAction","target":["https:\/\/stylla-web.com\/en\/jobs\/"]}]},{"@type":"ImageObject","inLanguage":"en-US","@id":"https:\/\/stylla-web.com\/en\/jobs\/#primaryimage","url":"https:\/\/stylla-web.com\/wp-content\/uploads\/2024\/11\/representant.jpg","contentUrl":"https:\/\/stylla-web.com\/wp-content\/uploads\/2024\/11\/representant.jpg","width":1800,"height":1201,"caption":"Repr\u00e9sentant de vente Montr\u00e9al"},{"@type":"BreadcrumbList","@id":"https:\/\/stylla-web.com\/en\/jobs\/#breadcrumb","itemListElement":[{"@type":"ListItem","position":1,"name":"Home","item":"https:\/\/stylla-web.com\/en\/"},{"@type":"ListItem","position":2,"name":"Jobs"}]},{"@type":"WebSite","@id":"https:\/\/stylla-web.com\/en\/#website","url":"https:\/\/stylla-web.com\/en\/","name":"Stylla-Web","description":"","publisher":{"@id":"https:\/\/stylla-web.com\/en\/#organization"},"potentialAction":[{"@type":"SearchAction","target":{"@type":"EntryPoint","urlTemplate":"https:\/\/stylla-web.com\/en\/?s={search_term_string}"},"query-input":{"@type":"PropertyValueSpecification","valueRequired":true,"valueName":"search_term_string"}}],"inLanguage":"en-US"},{"@type":"Organization","@id":"https:\/\/stylla-web.com\/en\/#organization","name":"Stylla-Web","url":"https:\/\/stylla-web.com\/en\/","logo":{"@type":"ImageObject","inLanguage":"en-US","@id":"https:\/\/stylla-web.com\/en\/#\/schema\/logo\/image\/","url":"https:\/\/stylla-web.com\/wp-content\/uploads\/2024\/10\/logo-Stylla-web.png","contentUrl":"https:\/\/stylla-web.com\/wp-content\/uploads\/2024\/10\/logo-Stylla-web.png","width":500,"height":484,"caption":"Stylla-Web"},"image":{"@id":"https:\/\/stylla-web.com\/en\/#\/schema\/logo\/image\/"},"sameAs":["https:\/\/www.facebook.com\/StyllaWeb"]}]}},"_links":{"self":[{"href":"https:\/\/stylla-web.com\/en\/wp-json\/wp\/v2\/pages\/11780","targetHints":{"allow":["GET"]}}],"collection":[{"href":"https:\/\/stylla-web.com\/en\/wp-json\/wp\/v2\/pages"}],"about":[{"href":"https:\/\/stylla-web.com\/en\/wp-json\/wp\/v2\/types\/page"}],"author":[{"embeddable":true,"href":"https:\/\/stylla-web.com\/en\/wp-json\/wp\/v2\/users\/1"}],"replies":[{"embeddable":true,"href":"https:\/\/stylla-web.com\/en\/wp-json\/wp\/v2\/comments?post=11780"}],"version-history":[{"count":0,"href":"https:\/\/stylla-web.com\/en\/wp-json\/wp\/v2\/pages\/11780\/revisions"}],"wp:featuredmedia":[{"embeddable":true,"href":"https:\/\/stylla-web.com\/en\/wp-json\/wp\/v2\/media\/2405"}],"wp:attachment":[{"href":"https:\/\/stylla-web.com\/en\/wp-json\/wp\/v2\/media?parent=11780"}],"curies":[{"name":"wp","href":"https:\/\/api.w.org\/{rel}","templated":true}]}}