{"id":11503,"date":"2024-11-04T15:14:28","date_gmt":"2024-11-04T20:14:28","guid":{"rendered":"https:\/\/www.stylla-web.tech\/blog\/"},"modified":"2025-08-07T16:32:20","modified_gmt":"2025-08-07T20:32:20","slug":"blog","status":"publish","type":"page","link":"https:\/\/stylla-web.com\/en\/blog\/","title":{"rendered":"Blog"},"content":{"rendered":"\t\t<div data-elementor-type=\"wp-page\" data-elementor-id=\"11503\" class=\"elementor elementor-11503 elementor-2541\" data-elementor-post-type=\"page\">\n\t\t\t\t\t\t<section class=\"elementor-section elementor-top-section elementor-element elementor-element-9f6b26c elementor-section-boxed elementor-section-height-default elementor-section-height-default\" data-id=\"9f6b26c\" data-element_type=\"section\">\n\t\t\t\t\t\t<div class=\"elementor-container elementor-column-gap-no\">\n\t\t\t\t\t<div class=\"elementor-column elementor-col-100 elementor-top-column elementor-element elementor-element-3d6c2bd\" data-id=\"3d6c2bd\" data-element_type=\"column\">\n\t\t\t<div class=\"elementor-widget-wrap elementor-element-populated\">\n\t\t\t\t\t\t<div class=\"elementor-element elementor-element-dd35c2f elementor-widget__width-inherit elementor-widget-mobile__width-inherit elementor-widget elementor-widget-heading\" data-id=\"dd35c2f\" data-element_type=\"widget\" data-widget_type=\"heading.default\">\n\t\t\t\t<div class=\"elementor-widget-container\">\n\t\t\t\t\t<h2 class=\"elementor-heading-title elementor-size-default\">Blog<\/h2>\t\t\t\t<\/div>\n\t\t\t\t<\/div>\n\t\t\t\t\t<\/div>\n\t\t<\/div>\n\t\t\t\t\t<\/div>\n\t\t<\/section>\n\t\t<div class=\"elementor-element elementor-element-a1ec4c7 e-flex e-con-boxed e-con e-parent\" data-id=\"a1ec4c7\" data-element_type=\"container\">\n\t\t\t\t\t<div class=\"e-con-inner\">\n\t\t\t\t<div class=\"elementor-element elementor-element-25088d9 elementor-widget elementor-widget-uael-posts\" data-id=\"25088d9\" data-element_type=\"widget\" data-settings=\"{&quot;feed_show_filters&quot;:&quot;yes&quot;,&quot;feed_slides_to_show_tablet&quot;:2,&quot;feed_slides_to_show_mobile&quot;:1}\" data-widget_type=\"uael-posts.feed\">\n\t\t\t\t<div class=\"elementor-widget-container\">\n\t\t\t\t\t\t\t<div class=\"uael-post__header\">\n\t\t\t\t\t<div class=\"uael-post__header-filters-wrap\">\n\t\t\t<ul class=\"uael-post__header-filters\" aria-label=\"Taxonomy Filter\">\n\t\t\t\t<li class=\"uael-post__header-filter uael-filter__current\" data-filter=\"*\">All<\/li>\n\t\t\t\t\t\t\t\t<li class=\"uael-post__header-filter\" data-filter=\".seo\" tabindex=\"0\">SEO<\/li>\n\t\t\t\t\t\t\t\t<li class=\"uael-post__header-filter\" data-filter=\".social-media\" tabindex=\"0\">Social media<\/li>\n\t\t\t\t\t\t\t\t<li class=\"uael-post__header-filter\" data-filter=\".website\" tabindex=\"0\">Website<\/li>\n\t\t\t\t\t\t\t<\/ul>\n\n\t\t\t\t\t<\/div>\n\t\t\t\t<\/div>\n\t\t<div class=\"uael-post__body\">\n\t\t\t\n\t\t\n\t\t<div class=\"uael-post-grid uael-posts\" data-query-type=\"custom\" data-structure=\"\" data-layout=\"\" data-page=\"11503\" data-skin=\"feed\" data-filter-default=\"All\" data-offset-top=\"30\" >\n\n\t\t\t\t\t\t\t<div class=\"uael-post-grid__inner uael-post__columns-1 uael-post__columns-tablet-1 uael-post__columns-mobile-1\">\n\t\t\t\n\n<div class=\"uael-post-wrapper  website \">\n\n\t<div class=\"uael-post__bg-wrap\">\n\t\t\n\t\t\n\t\t<div class=\"uael-post__inner-wrap \">\n\n\t\t\t\t<div class=\"uael-post__thumbnail\">\n\t\t\t\n\t\t\t<a href=\"https:\/\/stylla-web.com\/en\/win-250-for-each-referred-customer\/\" target=\"_self\" title=\"Win $250 for each referred customer\"><img fetchpriority=\"high\" decoding=\"async\" width=\"2400\" height=\"1600\" src=\"https:\/\/stylla-web.com\/wp-content\/uploads\/2024\/10\/3.jpg\" class=\"attachment-full size-full wp-image-2041\" alt=\"Gagnez 250$ pour chaque client r\u00e9f\u00e9r\u00e9\" srcset=\"https:\/\/stylla-web.com\/wp-content\/uploads\/2024\/10\/3.jpg 2400w, https:\/\/stylla-web.com\/wp-content\/uploads\/2024\/10\/3-300x200.jpg 300w, https:\/\/stylla-web.com\/wp-content\/uploads\/2024\/10\/3-1024x683.jpg 1024w, https:\/\/stylla-web.com\/wp-content\/uploads\/2024\/10\/3-768x512.jpg 768w, https:\/\/stylla-web.com\/wp-content\/uploads\/2024\/10\/3-1536x1024.jpg 1536w, https:\/\/stylla-web.com\/wp-content\/uploads\/2024\/10\/3-2048x1365.jpg 2048w\" sizes=\"(max-width: 2400px) 100vw, 2400px\" \/><\/a>\n\t\t\t\t\t<\/div>\n\t\t\n\t\t\t\n\t\t\t<div class=\"uael-post__content-wrap\">\n\n\t\t\t<span class=\"uael-post__terms\"><a href=\"https:\/\/stylla-web.com\/en\/blog\/blog\/website\/\" class=\"uael-listing__terms-link\" id=\"uael-post-term-website\" aria-labelledby=\"uael-post-term-website\">Website<\/a><\/span>\t\t<h3 class=\"uael-post__title\">\n\n\t\t\n\t\t\t\t\t\t<a href=\"https:\/\/stylla-web.com\/en\/win-250-for-each-referred-customer\/\" target=\"_self\">\n\t\t\t\tWin $250 for each referred customer\t\t\t<\/a>\n\n\t\t\t\t<\/h3>\n\t\t<div class=\"uael-post__separator\"><\/div>\n\t\t<div class=\"uael-post__excerpt\">\n\t\t\tReceive $250 for every customer you refer who becomes ours! It&#8217;s easy to do: contact ...\t\t<\/div>\n\n\t\t\t\t\t<div class=\"uael-post__meta-data\">\n\t\t\t\t\t<span class=\"uael-post__date\">\n\t\t\t\t\t\t\t\t\t\t\t\t\t<svg aria-hidden=\"true\" class=\"e-font-icon-svg e-fa-calendar\" viewBox=\"0 0 448 512\" xmlns=\"http:\/\/www.w3.org\/2000\/svg\"><path d=\"M12 192h424c6.6 0 12 5.4 12 12v260c0 26.5-21.5 48-48 48H48c-26.5 0-48-21.5-48-48V204c0-6.6 5.4-12 12-12zm436-44v-36c0-26.5-21.5-48-48-48h-48V12c0-6.6-5.4-12-12-12h-40c-6.6 0-12 5.4-12 12v52H160V12c0-6.6-5.4-12-12-12h-40c-6.6 0-12 5.4-12 12v52H48C21.5 64 0 85.5 0 112v36c0 6.6 5.4 12 12 12h424c6.6 0 12-5.4 12-12z\"><\/path><\/svg>\t\t\t\t\t\t\t\t\t\n\t\t\t2024-10-16\t\t<\/span>\n\t\t<span class=\"uael-post__terms-meta uael-post__terms-meta-tag\"> <a href=\"https:\/\/stylla-web.com\/en\/etiquettes\/optimize-your-website\/\" class=\"uael-listing__terms-link\" id=\"uael-post-term-optimize-your-website\" aria-labelledby=\"uael-post-term-optimize-your-website\">Optimize your website<\/a><\/span>\t\t<\/div>\n\t\t\t\t\t<a class=\"uael-post__read-more elementor-button\" href=\"https:\/\/stylla-web.com\/en\/win-250-for-each-referred-customer\/\" target=\"_self\" aria-labelledby=\"uael-post-12213\">\n\t\t\t\t\t<span class=\"elementor-button-content-wrapper\">\n\t\t\t\t\t\t\t\t\t\t\t\t\t\t<span class=\"elementor-button-icon elementor-align-icon-left\">\n\n\t\t\t\t\t\t\t\t\t\n\t\t\t\t\t\t\t\t<\/span>\n\t\t\t\t\t\t\t\t\t\t\t\t\t\n\t\t\t\t\t\t<span class=\"elementor-button-text\" id=uael-post-12213>Learn more \u2192<\/span>\n\t\t\t\t\t<\/span>\n\t\t\t\t<\/a>\n\t\t\t\t\t\t<\/div>\n\t\t\t\n\t\t<\/div>\n\t\t\n\t<\/div>\n\n<\/div>\n\n\n<div class=\"uael-post-wrapper  social-media \">\n\n\t<div class=\"uael-post__bg-wrap\">\n\t\t\n\t\t\n\t\t<div class=\"uael-post__inner-wrap \">\n\n\t\t\t\t<div class=\"uael-post__thumbnail\">\n\t\t\t\n\t\t\t<a href=\"https:\/\/stylla-web.com\/en\/customer-reviews-on-google-maps\/\" target=\"_self\" title=\"Customer Reviews on Google Maps\"><img decoding=\"async\" width=\"2400\" height=\"1597\" src=\"https:\/\/stylla-web.com\/wp-content\/uploads\/2024\/10\/1-1.jpg\" class=\"attachment-full size-full wp-image-2037\" alt=\"Avis de clients sur la fiche Google Maps\" srcset=\"https:\/\/stylla-web.com\/wp-content\/uploads\/2024\/10\/1-1.jpg 2400w, https:\/\/stylla-web.com\/wp-content\/uploads\/2024\/10\/1-1-300x200.jpg 300w, https:\/\/stylla-web.com\/wp-content\/uploads\/2024\/10\/1-1-1024x681.jpg 1024w, https:\/\/stylla-web.com\/wp-content\/uploads\/2024\/10\/1-1-768x511.jpg 768w, https:\/\/stylla-web.com\/wp-content\/uploads\/2024\/10\/1-1-1536x1022.jpg 1536w, https:\/\/stylla-web.com\/wp-content\/uploads\/2024\/10\/1-1-2048x1363.jpg 2048w\" sizes=\"(max-width: 2400px) 100vw, 2400px\" \/><\/a>\n\t\t\t\t\t<\/div>\n\t\t\n\t\t\t\n\t\t\t<div class=\"uael-post__content-wrap\">\n\n\t\t\t<span class=\"uael-post__terms\"><a href=\"https:\/\/stylla-web.com\/en\/blog\/blog\/social-media\/\" class=\"uael-listing__terms-link\" id=\"uael-post-term-social-media\" aria-labelledby=\"uael-post-term-social-media\">Social media<\/a><\/span>\t\t<h3 class=\"uael-post__title\">\n\n\t\t\n\t\t\t\t\t\t<a href=\"https:\/\/stylla-web.com\/en\/customer-reviews-on-google-maps\/\" target=\"_self\">\n\t\t\t\tCustomer Reviews on Google Maps\t\t\t<\/a>\n\n\t\t\t\t<\/h3>\n\t\t<div class=\"uael-post__separator\"><\/div>\n\t\t<div class=\"uael-post__excerpt\">\n\t\t\tAn optimized listing enhances your online presence and attracts your target clientele. Standing out means ...\t\t<\/div>\n\n\t\t\t\t\t<div class=\"uael-post__meta-data\">\n\t\t\t\t\t<span class=\"uael-post__date\">\n\t\t\t\t\t\t\t\t\t\t\t\t\t<svg aria-hidden=\"true\" class=\"e-font-icon-svg e-fa-calendar\" viewBox=\"0 0 448 512\" xmlns=\"http:\/\/www.w3.org\/2000\/svg\"><path d=\"M12 192h424c6.6 0 12 5.4 12 12v260c0 26.5-21.5 48-48 48H48c-26.5 0-48-21.5-48-48V204c0-6.6 5.4-12 12-12zm436-44v-36c0-26.5-21.5-48-48-48h-48V12c0-6.6-5.4-12-12-12h-40c-6.6 0-12 5.4-12 12v52H160V12c0-6.6-5.4-12-12-12h-40c-6.6 0-12 5.4-12 12v52H48C21.5 64 0 85.5 0 112v36c0 6.6 5.4 12 12 12h424c6.6 0 12-5.4 12-12z\"><\/path><\/svg>\t\t\t\t\t\t\t\t\t\n\t\t\t2024-10-16\t\t<\/span>\n\t\t<span class=\"uael-post__terms-meta uael-post__terms-meta-tag\"> <a href=\"https:\/\/stylla-web.com\/en\/etiquettes\/google-maps-en\/\" class=\"uael-listing__terms-link\" id=\"uael-post-term-google-maps-en\" aria-labelledby=\"uael-post-term-google-maps-en\">Google Maps<\/a><\/span>\t\t<\/div>\n\t\t\t\t\t<a class=\"uael-post__read-more elementor-button\" href=\"https:\/\/stylla-web.com\/en\/customer-reviews-on-google-maps\/\" target=\"_self\" aria-labelledby=\"uael-post-11170\">\n\t\t\t\t\t<span class=\"elementor-button-content-wrapper\">\n\t\t\t\t\t\t\t\t\t\t\t\t\t\t<span class=\"elementor-button-icon elementor-align-icon-left\">\n\n\t\t\t\t\t\t\t\t\t\n\t\t\t\t\t\t\t\t<\/span>\n\t\t\t\t\t\t\t\t\t\t\t\t\t\n\t\t\t\t\t\t<span class=\"elementor-button-text\" id=uael-post-11170>Learn more \u2192<\/span>\n\t\t\t\t\t<\/span>\n\t\t\t\t<\/a>\n\t\t\t\t\t\t<\/div>\n\t\t\t\n\t\t<\/div>\n\t\t\n\t<\/div>\n\n<\/div>\n\n\n<div class=\"uael-post-wrapper  seo \">\n\n\t<div class=\"uael-post__bg-wrap\">\n\t\t\n\t\t\n\t\t<div class=\"uael-post__inner-wrap \">\n\n\t\t\t\t<div class=\"uael-post__thumbnail\">\n\t\t\t\n\t\t\t<a href=\"https:\/\/stylla-web.com\/en\/unsecured-google-maps\/\" target=\"_self\" title=\"Unsecured Google Maps\"><img decoding=\"async\" width=\"2400\" height=\"1600\" src=\"https:\/\/stylla-web.com\/wp-content\/uploads\/2025\/06\/gmap.jpg\" class=\"attachment-full size-full wp-image-7792\" alt=\"Service Google Maps Montr\u00e9al\" srcset=\"https:\/\/stylla-web.com\/wp-content\/uploads\/2025\/06\/gmap.jpg 2400w, https:\/\/stylla-web.com\/wp-content\/uploads\/2025\/06\/gmap-300x200.jpg 300w, https:\/\/stylla-web.com\/wp-content\/uploads\/2025\/06\/gmap-1024x683.jpg 1024w, https:\/\/stylla-web.com\/wp-content\/uploads\/2025\/06\/gmap-768x512.jpg 768w, https:\/\/stylla-web.com\/wp-content\/uploads\/2025\/06\/gmap-1536x1024.jpg 1536w, https:\/\/stylla-web.com\/wp-content\/uploads\/2025\/06\/gmap-2048x1365.jpg 2048w\" sizes=\"(max-width: 2400px) 100vw, 2400px\" \/><\/a>\n\t\t\t\t\t<\/div>\n\t\t\n\t\t\t\n\t\t\t<div class=\"uael-post__content-wrap\">\n\n\t\t\t<span class=\"uael-post__terms\"><a href=\"https:\/\/stylla-web.com\/en\/blog\/blog\/seo\/\" class=\"uael-listing__terms-link\" id=\"uael-post-term-seo\" aria-labelledby=\"uael-post-term-seo\">SEO<\/a><\/span>\t\t<h3 class=\"uael-post__title\">\n\n\t\t\n\t\t\t\t\t\t<a href=\"https:\/\/stylla-web.com\/en\/unsecured-google-maps\/\" target=\"_self\">\n\t\t\t\tUnsecured Google Maps\t\t\t<\/a>\n\n\t\t\t\t<\/h3>\n\t\t<div class=\"uael-post__separator\"><\/div>\n\t\t<div class=\"uael-post__excerpt\">\n\t\t\tStay vigilant if you receive a call about your Google Maps listing! Since 2023, there ...\t\t<\/div>\n\n\t\t\t\t\t<div class=\"uael-post__meta-data\">\n\t\t\t\t\t<span class=\"uael-post__date\">\n\t\t\t\t\t\t\t\t\t\t\t\t\t<svg aria-hidden=\"true\" class=\"e-font-icon-svg e-fa-calendar\" viewBox=\"0 0 448 512\" xmlns=\"http:\/\/www.w3.org\/2000\/svg\"><path d=\"M12 192h424c6.6 0 12 5.4 12 12v260c0 26.5-21.5 48-48 48H48c-26.5 0-48-21.5-48-48V204c0-6.6 5.4-12 12-12zm436-44v-36c0-26.5-21.5-48-48-48h-48V12c0-6.6-5.4-12-12-12h-40c-6.6 0-12 5.4-12 12v52H160V12c0-6.6-5.4-12-12-12h-40c-6.6 0-12 5.4-12 12v52H48C21.5 64 0 85.5 0 112v36c0 6.6 5.4 12 12 12h424c6.6 0 12-5.4 12-12z\"><\/path><\/svg>\t\t\t\t\t\t\t\t\t\n\t\t\t2024-10-16\t\t<\/span>\n\t\t<span class=\"uael-post__terms-meta uael-post__terms-meta-tag\"> <a href=\"https:\/\/stylla-web.com\/en\/etiquettes\/technical-support-en\/\" class=\"uael-listing__terms-link\" id=\"uael-post-term-technical-support-en\" aria-labelledby=\"uael-post-term-technical-support-en\">Technical support<\/a><\/span>\t\t<\/div>\n\t\t\t\t\t<a class=\"uael-post__read-more elementor-button\" href=\"https:\/\/stylla-web.com\/en\/unsecured-google-maps\/\" target=\"_self\" aria-labelledby=\"uael-post-11178\">\n\t\t\t\t\t<span class=\"elementor-button-content-wrapper\">\n\t\t\t\t\t\t\t\t\t\t\t\t\t\t<span class=\"elementor-button-icon elementor-align-icon-left\">\n\n\t\t\t\t\t\t\t\t\t\n\t\t\t\t\t\t\t\t<\/span>\n\t\t\t\t\t\t\t\t\t\t\t\t\t\n\t\t\t\t\t\t<span class=\"elementor-button-text\" id=uael-post-11178>Learn more \u2192<\/span>\n\t\t\t\t\t<\/span>\n\t\t\t\t<\/a>\n\t\t\t\t\t\t<\/div>\n\t\t\t\n\t\t<\/div>\n\t\t\n\t<\/div>\n\n<\/div>\n\t\t\t\t<\/div>\n\t\t\t\t\t\t\n\t\t<\/div>\n\n\t\t\t\t\t\t<\/div>\n\t\t<div class=\"uael-post__footer\">\n\t\t\t\t\t<\/div>\n\t\t\t\t\t\t<\/div>\n\t\t\t\t<\/div>\n\t\t\t\t\t<\/div>\n\t\t\t\t<\/div>\n\t\t\t\t<\/div>\n\t\t","protected":false},"excerpt":{"rendered":"<p>Blog All SEO SEO Customer Reviews on Google Maps An optimized listing enhances your online presence and attracts your target clientele. Standing out means being seen! Having a Google Maps listing is free as &#8230; 16 October 2024 Google Maps Learn more \u2192 SEO Unsecured Google Maps Stay vigilant if you receive a call about [&hellip;]<\/p>\n","protected":false},"author":1,"featured_media":2041,"parent":0,"menu_order":0,"comment_status":"closed","ping_status":"closed","template":"","meta":{"_acf_changed":false,"site-sidebar-layout":"right-sidebar","site-content-layout":"page-builder","ast-site-content-layout":"normal-width-container","site-content-style":"unboxed","site-sidebar-style":"unboxed","ast-global-header-display":"","ast-banner-title-visibility":"","ast-main-header-display":"","ast-hfb-above-header-display":"","ast-hfb-below-header-display":"","ast-hfb-mobile-header-display":"","site-post-title":"disabled","ast-breadcrumbs-content":"disabled","ast-featured-img":"disabled","footer-sml-layout":"","theme-transparent-header-meta":"disabled","adv-header-id-meta":"","stick-header-meta":"default","header-above-stick-meta":"","header-main-stick-meta":"","header-below-stick-meta":"","astra-migrate-meta-layouts":"set","ast-page-background-enabled":"default","ast-page-background-meta":{"desktop":{"background-color":"","background-image":"","background-repeat":"repeat","background-position":"center center","background-size":"auto","background-attachment":"scroll","background-type":"","background-media":"","overlay-type":"","overlay-color":"","overlay-opacity":"","overlay-gradient":""},"tablet":{"background-color":"","background-image":"","background-repeat":"repeat","background-position":"center center","background-size":"auto","background-attachment":"scroll","background-type":"","background-media":"","overlay-type":"","overlay-color":"","overlay-opacity":"","overlay-gradient":""},"mobile":{"background-color":"","background-image":"","background-repeat":"repeat","background-position":"center center","background-size":"auto","background-attachment":"scroll","background-type":"","background-media":"","overlay-type":"","overlay-color":"","overlay-opacity":"","overlay-gradient":""}},"ast-content-background-meta":{"desktop":{"background-color":"var(--ast-global-color-5)","background-image":"","background-repeat":"repeat","background-position":"center center","background-size":"auto","background-attachment":"scroll","background-type":"","background-media":"","overlay-type":"","overlay-color":"","overlay-opacity":"","overlay-gradient":""},"tablet":{"background-color":"var(--ast-global-color-5)","background-image":"","background-repeat":"repeat","background-position":"center center","background-size":"auto","background-attachment":"scroll","background-type":"","background-media":"","overlay-type":"","overlay-color":"","overlay-opacity":"","overlay-gradient":""},"mobile":{"background-color":"var(--ast-global-color-5)","background-image":"","background-repeat":"repeat","background-position":"center center","background-size":"auto","background-attachment":"scroll","background-type":"","background-media":"","overlay-type":"","overlay-color":"","overlay-opacity":"","overlay-gradient":""}},"footnotes":""},"class_list":["post-11503","page","type-page","status-publish","has-post-thumbnail","hentry"],"acf":[],"yoast_head":"<!-- This site is optimized with the Yoast SEO plugin v26.0 - https:\/\/yoast.com\/wordpress\/plugins\/seo\/ -->\n<title>Blog | Stylla-Web<\/title>\n<meta name=\"description\" content=\"Our blog keeps you up to date with the latest trends in digital technology, SEO, and the web through our information-packed and insightful articles.\" \/>\n<meta name=\"robots\" content=\"index, follow, max-snippet:-1, max-image-preview:large, max-video-preview:-1\" \/>\n<link rel=\"canonical\" href=\"https:\/\/stylla-web.com\/en\/blog\/\" \/>\n<meta property=\"og:locale\" content=\"en_US\" \/>\n<meta property=\"og:type\" content=\"article\" \/>\n<meta property=\"og:title\" content=\"Blog | Stylla-Web\" \/>\n<meta property=\"og:description\" content=\"Our blog keeps you up to date with the latest trends in digital technology, SEO, and the web through our information-packed and insightful articles.\" \/>\n<meta property=\"og:url\" content=\"https:\/\/stylla-web.com\/en\/blog\/\" \/>\n<meta property=\"og:site_name\" content=\"Stylla-Web\" \/>\n<meta property=\"article:publisher\" content=\"https:\/\/www.facebook.com\/StyllaWeb\" \/>\n<meta property=\"article:modified_time\" content=\"2025-08-07T20:32:20+00:00\" \/>\n<meta property=\"og:image\" content=\"https:\/\/stylla-web.com\/wp-content\/uploads\/2024\/10\/3.jpg\" \/>\n\t<meta property=\"og:image:width\" content=\"2400\" \/>\n\t<meta property=\"og:image:height\" content=\"1600\" \/>\n\t<meta property=\"og:image:type\" content=\"image\/jpeg\" \/>\n<meta name=\"twitter:card\" content=\"summary_large_image\" \/>\n<meta name=\"twitter:label1\" content=\"Est. reading time\" \/>\n\t<meta name=\"twitter:data1\" content=\"1 minute\" \/>\n<script type=\"application\/ld+json\" class=\"yoast-schema-graph\">{\"@context\":\"https:\/\/schema.org\",\"@graph\":[{\"@type\":\"WebPage\",\"@id\":\"https:\/\/stylla-web.com\/en\/blog\/\",\"url\":\"https:\/\/stylla-web.com\/en\/blog\/\",\"name\":\"Blog | Stylla-Web\",\"isPartOf\":{\"@id\":\"https:\/\/stylla-web.com\/en\/#website\"},\"primaryImageOfPage\":{\"@id\":\"https:\/\/stylla-web.com\/en\/blog\/#primaryimage\"},\"image\":{\"@id\":\"https:\/\/stylla-web.com\/en\/blog\/#primaryimage\"},\"thumbnailUrl\":\"https:\/\/stylla-web.com\/wp-content\/uploads\/2024\/10\/3.jpg\",\"datePublished\":\"2024-11-04T20:14:28+00:00\",\"dateModified\":\"2025-08-07T20:32:20+00:00\",\"description\":\"Our blog keeps you up to date with the latest trends in digital technology, SEO, and the web through our information-packed and insightful articles.\",\"breadcrumb\":{\"@id\":\"https:\/\/stylla-web.com\/en\/blog\/#breadcrumb\"},\"inLanguage\":\"en-US\",\"potentialAction\":[{\"@type\":\"ReadAction\",\"target\":[\"https:\/\/stylla-web.com\/en\/blog\/\"]}]},{\"@type\":\"ImageObject\",\"inLanguage\":\"en-US\",\"@id\":\"https:\/\/stylla-web.com\/en\/blog\/#primaryimage\",\"url\":\"https:\/\/stylla-web.com\/wp-content\/uploads\/2024\/10\/3.jpg\",\"contentUrl\":\"https:\/\/stylla-web.com\/wp-content\/uploads\/2024\/10\/3.jpg\",\"width\":2400,\"height\":1600,\"caption\":\"Gagnez 250$ pour chaque client r\u00e9f\u00e9r\u00e9\"},{\"@type\":\"BreadcrumbList\",\"@id\":\"https:\/\/stylla-web.com\/en\/blog\/#breadcrumb\",\"itemListElement\":[{\"@type\":\"ListItem\",\"position\":1,\"name\":\"Home\",\"item\":\"https:\/\/stylla-web.com\/en\/\"},{\"@type\":\"ListItem\",\"position\":2,\"name\":\"Blog\"}]},{\"@type\":\"WebSite\",\"@id\":\"https:\/\/stylla-web.com\/en\/#website\",\"url\":\"https:\/\/stylla-web.com\/en\/\",\"name\":\"Stylla-Web\",\"description\":\"\",\"publisher\":{\"@id\":\"https:\/\/stylla-web.com\/en\/#organization\"},\"potentialAction\":[{\"@type\":\"SearchAction\",\"target\":{\"@type\":\"EntryPoint\",\"urlTemplate\":\"https:\/\/stylla-web.com\/en\/?s={search_term_string}\"},\"query-input\":{\"@type\":\"PropertyValueSpecification\",\"valueRequired\":true,\"valueName\":\"search_term_string\"}}],\"inLanguage\":\"en-US\"},{\"@type\":\"Organization\",\"@id\":\"https:\/\/stylla-web.com\/en\/#organization\",\"name\":\"Stylla-Web\",\"url\":\"https:\/\/stylla-web.com\/en\/\",\"logo\":{\"@type\":\"ImageObject\",\"inLanguage\":\"en-US\",\"@id\":\"https:\/\/stylla-web.com\/en\/#\/schema\/logo\/image\/\",\"url\":\"https:\/\/stylla-web.com\/wp-content\/uploads\/2024\/10\/logo-Stylla-web.png\",\"contentUrl\":\"https:\/\/stylla-web.com\/wp-content\/uploads\/2024\/10\/logo-Stylla-web.png\",\"width\":500,\"height\":484,\"caption\":\"Stylla-Web\"},\"image\":{\"@id\":\"https:\/\/stylla-web.com\/en\/#\/schema\/logo\/image\/\"},\"sameAs\":[\"https:\/\/www.facebook.com\/StyllaWeb\"]}]}<\/script>\n<!-- \/ Yoast SEO plugin. -->","yoast_head_json":{"title":"Blog | Stylla-Web","description":"Our blog keeps you up to date with the latest trends in digital technology, SEO, and the web through our information-packed and insightful articles.","robots":{"index":"index","follow":"follow","max-snippet":"max-snippet:-1","max-image-preview":"max-image-preview:large","max-video-preview":"max-video-preview:-1"},"canonical":"https:\/\/stylla-web.com\/en\/blog\/","og_locale":"en_US","og_type":"article","og_title":"Blog | Stylla-Web","og_description":"Our blog keeps you up to date with the latest trends in digital technology, SEO, and the web through our information-packed and insightful articles.","og_url":"https:\/\/stylla-web.com\/en\/blog\/","og_site_name":"Stylla-Web","article_publisher":"https:\/\/www.facebook.com\/StyllaWeb","article_modified_time":"2025-08-07T20:32:20+00:00","og_image":[{"width":2400,"height":1600,"url":"https:\/\/stylla-web.com\/wp-content\/uploads\/2024\/10\/3.jpg","type":"image\/jpeg"}],"twitter_card":"summary_large_image","twitter_misc":{"Est. reading time":"1 minute"},"schema":{"@context":"https:\/\/schema.org","@graph":[{"@type":"WebPage","@id":"https:\/\/stylla-web.com\/en\/blog\/","url":"https:\/\/stylla-web.com\/en\/blog\/","name":"Blog | Stylla-Web","isPartOf":{"@id":"https:\/\/stylla-web.com\/en\/#website"},"primaryImageOfPage":{"@id":"https:\/\/stylla-web.com\/en\/blog\/#primaryimage"},"image":{"@id":"https:\/\/stylla-web.com\/en\/blog\/#primaryimage"},"thumbnailUrl":"https:\/\/stylla-web.com\/wp-content\/uploads\/2024\/10\/3.jpg","datePublished":"2024-11-04T20:14:28+00:00","dateModified":"2025-08-07T20:32:20+00:00","description":"Our blog keeps you up to date with the latest trends in digital technology, SEO, and the web through our information-packed and insightful articles.","breadcrumb":{"@id":"https:\/\/stylla-web.com\/en\/blog\/#breadcrumb"},"inLanguage":"en-US","potentialAction":[{"@type":"ReadAction","target":["https:\/\/stylla-web.com\/en\/blog\/"]}]},{"@type":"ImageObject","inLanguage":"en-US","@id":"https:\/\/stylla-web.com\/en\/blog\/#primaryimage","url":"https:\/\/stylla-web.com\/wp-content\/uploads\/2024\/10\/3.jpg","contentUrl":"https:\/\/stylla-web.com\/wp-content\/uploads\/2024\/10\/3.jpg","width":2400,"height":1600,"caption":"Gagnez 250$ pour chaque client r\u00e9f\u00e9r\u00e9"},{"@type":"BreadcrumbList","@id":"https:\/\/stylla-web.com\/en\/blog\/#breadcrumb","itemListElement":[{"@type":"ListItem","position":1,"name":"Home","item":"https:\/\/stylla-web.com\/en\/"},{"@type":"ListItem","position":2,"name":"Blog"}]},{"@type":"WebSite","@id":"https:\/\/stylla-web.com\/en\/#website","url":"https:\/\/stylla-web.com\/en\/","name":"Stylla-Web","description":"","publisher":{"@id":"https:\/\/stylla-web.com\/en\/#organization"},"potentialAction":[{"@type":"SearchAction","target":{"@type":"EntryPoint","urlTemplate":"https:\/\/stylla-web.com\/en\/?s={search_term_string}"},"query-input":{"@type":"PropertyValueSpecification","valueRequired":true,"valueName":"search_term_string"}}],"inLanguage":"en-US"},{"@type":"Organization","@id":"https:\/\/stylla-web.com\/en\/#organization","name":"Stylla-Web","url":"https:\/\/stylla-web.com\/en\/","logo":{"@type":"ImageObject","inLanguage":"en-US","@id":"https:\/\/stylla-web.com\/en\/#\/schema\/logo\/image\/","url":"https:\/\/stylla-web.com\/wp-content\/uploads\/2024\/10\/logo-Stylla-web.png","contentUrl":"https:\/\/stylla-web.com\/wp-content\/uploads\/2024\/10\/logo-Stylla-web.png","width":500,"height":484,"caption":"Stylla-Web"},"image":{"@id":"https:\/\/stylla-web.com\/en\/#\/schema\/logo\/image\/"},"sameAs":["https:\/\/www.facebook.com\/StyllaWeb"]}]}},"_links":{"self":[{"href":"https:\/\/stylla-web.com\/en\/wp-json\/wp\/v2\/pages\/11503","targetHints":{"allow":["GET"]}}],"collection":[{"href":"https:\/\/stylla-web.com\/en\/wp-json\/wp\/v2\/pages"}],"about":[{"href":"https:\/\/stylla-web.com\/en\/wp-json\/wp\/v2\/types\/page"}],"author":[{"embeddable":true,"href":"https:\/\/stylla-web.com\/en\/wp-json\/wp\/v2\/users\/1"}],"replies":[{"embeddable":true,"href":"https:\/\/stylla-web.com\/en\/wp-json\/wp\/v2\/comments?post=11503"}],"version-history":[{"count":0,"href":"https:\/\/stylla-web.com\/en\/wp-json\/wp\/v2\/pages\/11503\/revisions"}],"wp:featuredmedia":[{"embeddable":true,"href":"https:\/\/stylla-web.com\/en\/wp-json\/wp\/v2\/media\/2041"}],"wp:attachment":[{"href":"https:\/\/stylla-web.com\/en\/wp-json\/wp\/v2\/media?parent=11503"}],"curies":[{"name":"wp","href":"https:\/\/api.w.org\/{rel}","templated":true}]}}